{"id":929,"date":"2022-07-08T18:08:22","date_gmt":"2022-07-08T21:08:22","guid":{"rendered":"https:\/\/lotusquimica.com.br\/?page_id=929"},"modified":"2022-07-08T18:11:09","modified_gmt":"2022-07-08T21:11:09","slug":"obrigado","status":"publish","type":"page","link":"https:\/\/lotusquimica.com.br\/en\/obrigado\/","title":{"rendered":"Thank you!"},"content":{"rendered":"<div data-elementor-type=\"wp-page\" data-elementor-id=\"929\" class=\"elementor elementor-929\" data-elementor-post-type=\"page\">\n\t\t\t\t\t\t<div class=\"elementor-section elementor-top-section elementor-element elementor-element-642ac1f elementor-hidden-tablet elementor-hidden-mobile cspt-col-stretched-none cspt-bg-color-over-image elementor-section-boxed elementor-section-height-default elementor-section-height-default\" data-id=\"642ac1f\" data-element_type=\"section\" data-e-type=\"section\">\n\t\t\t\t\t\t<div class=\"elementor-container elementor-column-gap-custom\">\n\t\t\t\t\t<div class=\"elementor-column elementor-col-100 elementor-top-column elementor-element elementor-element-0561736 cspt-bg-color-over-image\" data-id=\"0561736\" data-element_type=\"column\" data-e-type=\"column\">\n\t\t\t<div class=\"elementor-widget-wrap elementor-element-populated\">\n\t\t\t\t\t\t<div class=\"elementor-element elementor-element-81455eb cspt-align-center elementor-widget elementor-widget-cspt_custom_heading\" data-id=\"81455eb\" data-element_type=\"widget\" data-e-type=\"widget\" data-widget_type=\"cspt_custom_heading.default\">\n\t\t\t\t<div class=\"elementor-widget-container\">\n\t\t\t\t\t\t<div class=\"cspt-custom-heading center-align\"><h2 class=\"cspt-element-title\">\r\n\t\t\t\t\r\n\t\t\t\t\tOur team will contact you as soon as possible!\r\n\t\t\t\t\r\n\t\t\t\t<\/h2>\r\n\t\t\t<\/div>\t\t\t\t<\/div>\n\t\t\t\t<\/div>\n\t\t\t\t\t<\/div>\n\t\t<\/div>\n\t\t\t\t\t<\/div>\n\t\t<\/div>\n\t\t\t\t<\/div>","protected":false},"excerpt":{"rendered":"<p>Our team will contact you as soon as possible!<\/p>","protected":false},"author":1,"featured_media":0,"parent":0,"menu_order":8,"comment_status":"closed","ping_status":"closed","template":"","meta":{"_acf_changed":false,"footnotes":""},"class_list":["post-929","page","type-page","status-publish","hentry"],"acf":[],"yoast_head":"<!-- This site is optimized with the Yoast SEO plugin v27.3 - https:\/\/yoast.com\/product\/yoast-seo-wordpress\/ -->\n<title>Obrigado! - Lotus Qu\u00edmica Industrial<\/title>\n<meta name=\"description\" content=\"Com efici\u00eancia, qualidade e sustentabilidade para a Industria de papel e celulose, h\u00e1 mais de 20 anos produzimos e distribu\u00edmos os produtos ALDIN.\" \/>\n<meta name=\"robots\" content=\"index, nofollow, max-snippet:-1, max-image-preview:large, max-video-preview:-1\" \/>\n<link rel=\"canonical\" href=\"https:\/\/lotusquimica.com.br\/en\/obrigado\/\" \/>\n<meta property=\"og:locale\" content=\"en_US\" \/>\n<meta property=\"og:type\" content=\"article\" \/>\n<meta property=\"og:title\" content=\"Obrigado! - Lotus Qu\u00edmica Industrial\" \/>\n<meta property=\"og:description\" content=\"Com efici\u00eancia, qualidade e sustentabilidade para a Industria de papel e celulose, h\u00e1 mais de 20 anos produzimos e distribu\u00edmos os produtos ALDIN.\" \/>\n<meta property=\"og:url\" content=\"https:\/\/lotusquimica.com.br\/en\/obrigado\/\" \/>\n<meta property=\"og:site_name\" content=\"Lotus\" \/>\n<meta property=\"article:modified_time\" content=\"2022-07-08T21:11:09+00:00\" \/>\n<meta name=\"twitter:card\" content=\"summary_large_image\" \/>\n<meta name=\"twitter:label1\" content=\"Est. reading time\" \/>\n\t<meta name=\"twitter:data1\" content=\"1 minute\" \/>\n<script type=\"application\/ld+json\" class=\"yoast-schema-graph\">{\"@context\":\"https:\\\/\\\/schema.org\",\"@graph\":[{\"@type\":\"WebPage\",\"@id\":\"https:\\\/\\\/lotusquimica.com.br\\\/obrigado\\\/\",\"url\":\"https:\\\/\\\/lotusquimica.com.br\\\/obrigado\\\/\",\"name\":\"Obrigado! - Lotus Qu\u00edmica Industrial\",\"isPartOf\":{\"@id\":\"https:\\\/\\\/lotusquimica.com.br\\\/#website\"},\"datePublished\":\"2022-07-08T21:08:22+00:00\",\"dateModified\":\"2022-07-08T21:11:09+00:00\",\"description\":\"Com efici\u00eancia, qualidade e sustentabilidade para a Industria de papel e celulose, h\u00e1 mais de 20 anos produzimos e distribu\u00edmos os produtos ALDIN.\",\"breadcrumb\":{\"@id\":\"https:\\\/\\\/lotusquimica.com.br\\\/obrigado\\\/#breadcrumb\"},\"inLanguage\":\"en-US\",\"potentialAction\":[{\"@type\":\"ReadAction\",\"target\":[\"https:\\\/\\\/lotusquimica.com.br\\\/obrigado\\\/\"]}]},{\"@type\":\"BreadcrumbList\",\"@id\":\"https:\\\/\\\/lotusquimica.com.br\\\/obrigado\\\/#breadcrumb\",\"itemListElement\":[{\"@type\":\"ListItem\",\"position\":1,\"name\":\"In\u00edcio\",\"item\":\"https:\\\/\\\/lotusquimica.com.br\\\/\"},{\"@type\":\"ListItem\",\"position\":2,\"name\":\"Obrigado!\"}]},{\"@type\":\"WebSite\",\"@id\":\"https:\\\/\\\/lotusquimica.com.br\\\/#website\",\"url\":\"https:\\\/\\\/lotusquimica.com.br\\\/\",\"name\":\"Lotus Qu\u00edmica Industrial\",\"description\":\"Qu\u00edmica Industrial\",\"publisher\":{\"@id\":\"https:\\\/\\\/lotusquimica.com.br\\\/#organization\"},\"potentialAction\":[{\"@type\":\"SearchAction\",\"target\":{\"@type\":\"EntryPoint\",\"urlTemplate\":\"https:\\\/\\\/lotusquimica.com.br\\\/?s={search_term_string}\"},\"query-input\":{\"@type\":\"PropertyValueSpecification\",\"valueRequired\":true,\"valueName\":\"search_term_string\"}}],\"inLanguage\":\"en-US\"},{\"@type\":\"Organization\",\"@id\":\"https:\\\/\\\/lotusquimica.com.br\\\/#organization\",\"name\":\"Lotus Qu\u00edmica Industrial\",\"url\":\"https:\\\/\\\/lotusquimica.com.br\\\/\",\"logo\":{\"@type\":\"ImageObject\",\"inLanguage\":\"en-US\",\"@id\":\"https:\\\/\\\/lotusquimica.com.br\\\/#\\\/schema\\\/logo\\\/image\\\/\",\"url\":\"https:\\\/\\\/lotusquimica.com.br\\\/wp-content\\\/uploads\\\/2021\\\/10\\\/lotus-13.jpg\",\"contentUrl\":\"https:\\\/\\\/lotusquimica.com.br\\\/wp-content\\\/uploads\\\/2021\\\/10\\\/lotus-13.jpg\",\"width\":1280,\"height\":693,\"caption\":\"Lotus Qu\u00edmica Industrial\"},\"image\":{\"@id\":\"https:\\\/\\\/lotusquimica.com.br\\\/#\\\/schema\\\/logo\\\/image\\\/\"},\"sameAs\":[\"https:\\\/\\\/www.linkedin.com\\\/company\\\/37011324\\\/admin\\\/\"]}]}<\/script>\n<!-- \/ Yoast SEO plugin. -->","yoast_head_json":{"title":"Obrigado! - Lotus Qu\u00edmica Industrial","description":"Com efici\u00eancia, qualidade e sustentabilidade para a Industria de papel e celulose, h\u00e1 mais de 20 anos produzimos e distribu\u00edmos os produtos ALDIN.","robots":{"index":"index","follow":"nofollow","max-snippet":"max-snippet:-1","max-image-preview":"max-image-preview:large","max-video-preview":"max-video-preview:-1"},"canonical":"https:\/\/lotusquimica.com.br\/en\/obrigado\/","og_locale":"en_US","og_type":"article","og_title":"Obrigado! - Lotus Qu\u00edmica Industrial","og_description":"Com efici\u00eancia, qualidade e sustentabilidade para a Industria de papel e celulose, h\u00e1 mais de 20 anos produzimos e distribu\u00edmos os produtos ALDIN.","og_url":"https:\/\/lotusquimica.com.br\/en\/obrigado\/","og_site_name":"Lotus","article_modified_time":"2022-07-08T21:11:09+00:00","twitter_card":"summary_large_image","twitter_misc":{"Est. reading time":"1 minute"},"schema":{"@context":"https:\/\/schema.org","@graph":[{"@type":"WebPage","@id":"https:\/\/lotusquimica.com.br\/obrigado\/","url":"https:\/\/lotusquimica.com.br\/obrigado\/","name":"Obrigado! - Lotus Qu\u00edmica Industrial","isPartOf":{"@id":"https:\/\/lotusquimica.com.br\/#website"},"datePublished":"2022-07-08T21:08:22+00:00","dateModified":"2022-07-08T21:11:09+00:00","description":"Com efici\u00eancia, qualidade e sustentabilidade para a Industria de papel e celulose, h\u00e1 mais de 20 anos produzimos e distribu\u00edmos os produtos ALDIN.","breadcrumb":{"@id":"https:\/\/lotusquimica.com.br\/obrigado\/#breadcrumb"},"inLanguage":"en-US","potentialAction":[{"@type":"ReadAction","target":["https:\/\/lotusquimica.com.br\/obrigado\/"]}]},{"@type":"BreadcrumbList","@id":"https:\/\/lotusquimica.com.br\/obrigado\/#breadcrumb","itemListElement":[{"@type":"ListItem","position":1,"name":"In\u00edcio","item":"https:\/\/lotusquimica.com.br\/"},{"@type":"ListItem","position":2,"name":"Obrigado!"}]},{"@type":"WebSite","@id":"https:\/\/lotusquimica.com.br\/#website","url":"https:\/\/lotusquimica.com.br\/","name":"Lotus Qu\u00edmica Industrial","description":"Qu\u00edmica Industrial","publisher":{"@id":"https:\/\/lotusquimica.com.br\/#organization"},"potentialAction":[{"@type":"SearchAction","target":{"@type":"EntryPoint","urlTemplate":"https:\/\/lotusquimica.com.br\/?s={search_term_string}"},"query-input":{"@type":"PropertyValueSpecification","valueRequired":true,"valueName":"search_term_string"}}],"inLanguage":"en-US"},{"@type":"Organization","@id":"https:\/\/lotusquimica.com.br\/#organization","name":"Lotus Qu\u00edmica Industrial","url":"https:\/\/lotusquimica.com.br\/","logo":{"@type":"ImageObject","inLanguage":"en-US","@id":"https:\/\/lotusquimica.com.br\/#\/schema\/logo\/image\/","url":"https:\/\/lotusquimica.com.br\/wp-content\/uploads\/2021\/10\/lotus-13.jpg","contentUrl":"https:\/\/lotusquimica.com.br\/wp-content\/uploads\/2021\/10\/lotus-13.jpg","width":1280,"height":693,"caption":"Lotus Qu\u00edmica Industrial"},"image":{"@id":"https:\/\/lotusquimica.com.br\/#\/schema\/logo\/image\/"},"sameAs":["https:\/\/www.linkedin.com\/company\/37011324\/admin\/"]}]}},"_links":{"self":[{"href":"https:\/\/lotusquimica.com.br\/en\/wp-json\/wp\/v2\/pages\/929","targetHints":{"allow":["GET"]}}],"collection":[{"href":"https:\/\/lotusquimica.com.br\/en\/wp-json\/wp\/v2\/pages"}],"about":[{"href":"https:\/\/lotusquimica.com.br\/en\/wp-json\/wp\/v2\/types\/page"}],"author":[{"embeddable":true,"href":"https:\/\/lotusquimica.com.br\/en\/wp-json\/wp\/v2\/users\/1"}],"replies":[{"embeddable":true,"href":"https:\/\/lotusquimica.com.br\/en\/wp-json\/wp\/v2\/comments?post=929"}],"version-history":[{"count":5,"href":"https:\/\/lotusquimica.com.br\/en\/wp-json\/wp\/v2\/pages\/929\/revisions"}],"predecessor-version":[{"id":934,"href":"https:\/\/lotusquimica.com.br\/en\/wp-json\/wp\/v2\/pages\/929\/revisions\/934"}],"wp:attachment":[{"href":"https:\/\/lotusquimica.com.br\/en\/wp-json\/wp\/v2\/media?parent=929"}],"curies":[{"name":"wp","href":"https:\/\/api.w.org\/{rel}","templated":true}]}}