{"id":51,"date":"2019-06-18T06:58:53","date_gmt":"2019-06-18T06:58:53","guid":{"rendered":"http:\/\/karon-demo.creativesplanet.com\/nutrition\/?page_id=10420"},"modified":"2024-05-15T15:51:35","modified_gmt":"2024-05-15T18:51:35","slug":"contato","status":"publish","type":"page","link":"https:\/\/lotusquimica.com.br\/es\/contato\/","title":{"rendered":"Contacto"},"content":{"rendered":"\t\t<div data-elementor-type=\"wp-page\" data-elementor-id=\"51\" class=\"elementor elementor-51\" data-elementor-post-type=\"page\">\n\t\t\t\t\t\t<div class=\"elementor-section elementor-top-section elementor-element elementor-element-763856b cspt-col-stretched-none cspt-bg-color-over-image elementor-section-boxed elementor-section-height-default elementor-section-height-default\" data-id=\"763856b\" data-element_type=\"section\" data-e-type=\"section\">\n\t\t\t\t\t\t<div class=\"elementor-container elementor-column-gap-wide\">\n\t\t\t\t\t<div class=\"elementor-column elementor-col-100 elementor-top-column elementor-element elementor-element-9142796 cspt-bg-color-over-image\" data-id=\"9142796\" data-element_type=\"column\" data-e-type=\"column\">\n\t\t\t<div class=\"elementor-widget-wrap elementor-element-populated\">\n\t\t\t\t\t\t<div class=\"elementor-element elementor-element-0ed0f1d cspt-align-center elementor-widget elementor-widget-cspt_multiple_icon_heading\" data-id=\"0ed0f1d\" data-element_type=\"widget\" data-e-type=\"widget\" data-widget_type=\"cspt_multiple_icon_heading.default\">\n\t\t\t\t<div class=\"elementor-widget-container\">\n\t\t\t\t\t<div class=\"creativesplanet-element creativesplanet-element-miconheading cspt-element-miconheading-style-11 creativesplanet-element-viewtype-row-column cspt-infinite-scroll-no cspt-infinite-scroll-button-no\" data-cpt=\"miconheading\" data-totalpagination=\"1\" data-style=\"11\" data-show=\"3\" data-columns=\"2\" data-loop=\"false\" data-autoplay=\"false\" data-center=\"false\" data-nav=\"false\" data-dots=\"false\" data-autoplayspeed=\"1000\" data-margin=\"\"><div class=\"creativesplanet-element-inner\">\r\n\t\t<div class=\"cspt-ele-header-area\">\r\n\t\t\t\t<div class=\"cspt-heading-subheading center-align \"><h2 class=\"cspt-element-title\">\r\n\t\t\t\t\r\n\t\t\t\t\tFale conosco\r\n\t\t\t\t\r\n\t\t\t\t<\/h2>\r\n\t\t\t<h4 class=\"cspt-element-subtitle\">\r\n\t\t\t\t\r\n\t\t\t\t\tVamos lhe ajudar a encontrar a solu\u00e7\u00e3o ideal\r\n\t\t\t\t\r\n\t\t\t\t<\/h4>\r\n\t\t\t<\/div>\t\t<\/div>\r\n\r\n\t\t<div class=\"cspt-element-posts-wrapper row multi-columns-row\">\r\n\r\n\t\t<article class=\"cspt-ele cspt-ele-miconheading cspt-miconheading-style-11 col-md-6   \"><div class=\"cspt-ihbox cspt-ihbox-style-11\"><div class=\"cspt-ihbox-icon\"><div class=\"cspt-ihbox-icon-wrapper\"><i class=\"cspt-leblix-icon cspt-leblix-icon-location\"><\/i><\/div><\/div><div class=\"cspt-ihbox-contents\">\t\r\n\t\t<h2 class=\"cspt-element-title\">\r\n\t\t\t\t\t\t\t\r\n\t\t\t\t\t\t\t\tBrasil\r\n\t\t\t\t\t\t\t\r\n\t\t\t\t\t\t\t<\/h2>\r\n\t\t\t\t\t\t\t\r\n\t\t\t\t<div class=\"cspt-heading-desc\">R. Osc\u00e1r L Fernandes, 50, Bairro - S\u00e3o Paulo, Lages - SC\ncontato@lotusquimica.com.br<br>\n+55 49 3222-2642<\/div>\t\t<\/div><!-- .cspt-ihbox-contents -->\r\n<\/div><\/article><article class=\"cspt-ele cspt-ele-miconheading cspt-miconheading-style-11 col-md-6   \"><div class=\"cspt-ihbox cspt-ihbox-style-11\"><div class=\"cspt-ihbox-icon\"><div class=\"cspt-ihbox-icon-wrapper\"><i class=\"cspt-leblix-icon cspt-leblix-icon-location\"><\/i><\/div><\/div><div class=\"cspt-ihbox-contents\">\t\r\n\t\t<h2 class=\"cspt-element-title\">\r\n\t\t\t\t\t\t\t\r\n\t\t\t\t\t\t\t\tEUA e Canad\u00e1\r\n\t\t\t\t\t\t\t\r\n\t\t\t\t\t\t\t<\/h2>\r\n\t\t\t\t\t\t\t\r\n\t\t\t\t<div class=\"cspt-heading-desc\">jamile@lotusquimica.com.br  <br>+1 (416) 854-7943 <br> Toronto \/ ON - CA<\/div>\t\t<\/div><!-- .cspt-ihbox-contents -->\r\n<\/div><\/article>\r\n\t\t<\/div>\r\n\r\n\t\t<\/div><!-- .creativesplanet-element-inner -->   <\/div><!-- .creativesplanet-element -->  \t\t\t\t<\/div>\n\t\t\t\t<\/div>\n\t\t\t\t\t<\/div>\n\t\t<\/div>\n\t\t\t\t\t<\/div>\n\t\t<\/div>\n\t\t\t\t<div class=\"elementor-section elementor-top-section elementor-element elementor-element-bece20f elementor-section-stretched elementor-section-full_width cspt-col-stretched-none cspt-bg-color-over-image elementor-section-height-default elementor-section-height-default\" data-id=\"bece20f\" data-element_type=\"section\" data-e-type=\"section\" data-settings=\"{&quot;stretch_section&quot;:&quot;section-stretched&quot;}\">\n\t\t\t\t\t\t<div class=\"elementor-container elementor-column-gap-no\">\n\t\t\t\t\t<div class=\"elementor-column elementor-col-100 elementor-top-column elementor-element elementor-element-f0679ff cspt-bg-color-over-image\" data-id=\"f0679ff\" data-element_type=\"column\" data-e-type=\"column\">\n\t\t\t<div class=\"elementor-widget-wrap elementor-element-populated\">\n\t\t\t\t\t\t<div class=\"elementor-element elementor-element-abb563c elementor-widget elementor-widget-google_maps\" data-id=\"abb563c\" data-element_type=\"widget\" data-e-type=\"widget\" data-widget_type=\"google_maps.default\">\n\t\t\t\t<div class=\"elementor-widget-container\">\n\t\t\t\t\t\t\t<div class=\"elementor-custom-embed\">\n\t\t\t<iframe loading=\"lazy\"\n\t\t\t\t\tsrc=\"https:\/\/maps.google.com\/maps?q=Lotus%20Qu%C3%ADmica&#038;t=m&#038;z=14&#038;output=embed&#038;iwloc=near\"\n\t\t\t\t\ttitle=\"Lotus Qu\u00edmica\"\n\t\t\t\t\taria-label=\"Lotus Qu\u00edmica\"\n\t\t\t><\/iframe>\n\t\t<\/div>\n\t\t\t\t\t\t<\/div>\n\t\t\t\t<\/div>\n\t\t\t\t\t<\/div>\n\t\t<\/div>\n\t\t\t\t\t<\/div>\n\t\t<\/div>\n\t\t\t\t<section class=\"elementor-section elementor-top-section elementor-element elementor-element-7241544 cspt-bg-color-yes cspt-elementor-bg-color-white cspt-col-stretched-none cspt-bg-color-over-image elementor-section-boxed elementor-section-height-default elementor-section-height-default\" data-id=\"7241544\" data-element_type=\"section\" data-e-type=\"section\">\n\t\t\t\t\t\t<div class=\"elementor-container elementor-column-gap-wide\">\n\t\t\t\t\t<div class=\"elementor-column elementor-col-100 elementor-top-column elementor-element elementor-element-f2cff51 cspt-bg-color-over-image\" data-id=\"f2cff51\" data-element_type=\"column\" data-e-type=\"column\">\n\t\t\t<div class=\"elementor-widget-wrap elementor-element-populated\">\n\t\t\t\t\t\t<div class=\"elementor-element elementor-element-8d45927 cspt-align-center elementor-widget elementor-widget-cspt_heading\" data-id=\"8d45927\" data-element_type=\"widget\" data-e-type=\"widget\" data-widget_type=\"cspt_heading.default\">\n\t\t\t\t<div class=\"elementor-widget-container\">\n\t\t\t\t\t\t<div class=\"cspt-heading-subheading center-align cspt-reverse-heading-yes\"><h4 class=\"cspt-element-subtitle\">\r\n\t\t\t\t\r\n\t\t\t\t\tfale conosco\r\n\t\t\t\t\r\n\t\t\t\t<\/h4>\r\n\t\t\t<h2 class=\"cspt-element-title\">\r\n\t\t\t\t\r\n\t\t\t\t\tEnvie uma mensagem\r\n\t\t\t\t\r\n\t\t\t\t<\/h2>\r\n\t\t\t<\/div>\t\t\t\t<\/div>\n\t\t\t\t<\/div>\n\t\t\t\t<div class=\"elementor-element elementor-element-7e2824d elementor-button-align-start elementor-widget elementor-widget-form\" data-id=\"7e2824d\" data-element_type=\"widget\" data-e-type=\"widget\" data-settings=\"{&quot;step_next_label&quot;:&quot;Next&quot;,&quot;step_previous_label&quot;:&quot;Previous&quot;,&quot;button_width&quot;:&quot;100&quot;,&quot;step_type&quot;:&quot;number_text&quot;,&quot;step_icon_shape&quot;:&quot;circle&quot;}\" data-widget_type=\"form.default\">\n\t\t\t\t<div class=\"elementor-widget-container\">\n\t\t\t\t\t\t\t<form class=\"elementor-form\" method=\"post\" name=\"Formul\u00e1rio Contato\" aria-label=\"Formul\u00e1rio Contato\">\n\t\t\t<input type=\"hidden\" name=\"post_id\" value=\"51\"\/>\n\t\t\t<input type=\"hidden\" name=\"form_id\" value=\"7e2824d\"\/>\n\t\t\t<input type=\"hidden\" name=\"referer_title\" value=\"Lotus\" \/>\n\n\t\t\t\n\t\t\t<div class=\"elementor-form-fields-wrapper elementor-labels-above\">\n\t\t\t\t\t\t\t\t<div class=\"elementor-field-type-text elementor-field-group elementor-column elementor-field-group-name elementor-col-100 elementor-field-required\">\n\t\t\t\t\t\t\t\t\t\t\t\t<label for=\"form-field-name\" class=\"elementor-field-label\">\n\t\t\t\t\t\t\t\tNome\t\t\t\t\t\t\t<\/label>\n\t\t\t\t\t\t\t\t\t\t\t\t\t\t<input size=\"1\" type=\"text\" name=\"form_fields[name]\" id=\"form-field-name\" class=\"elementor-field elementor-size-sm  elementor-field-textual\" required=\"required\">\n\t\t\t\t\t\t\t\t\t\t\t<\/div>\n\t\t\t\t\t\t\t\t<div class=\"elementor-field-type-email elementor-field-group elementor-column elementor-field-group-email elementor-col-100 elementor-field-required\">\n\t\t\t\t\t\t\t\t\t\t\t\t<label for=\"form-field-email\" class=\"elementor-field-label\">\n\t\t\t\t\t\t\t\tE-mail\t\t\t\t\t\t\t<\/label>\n\t\t\t\t\t\t\t\t\t\t\t\t\t\t<input size=\"1\" type=\"email\" name=\"form_fields[email]\" id=\"form-field-email\" class=\"elementor-field elementor-size-sm  elementor-field-textual\" required=\"required\">\n\t\t\t\t\t\t\t\t\t\t\t<\/div>\n\t\t\t\t\t\t\t\t<div class=\"elementor-field-type-text elementor-field-group elementor-column elementor-field-group-field_cec1364 elementor-col-100 elementor-field-required\">\n\t\t\t\t\t\t\t\t\t\t\t\t<label for=\"form-field-field_cec1364\" class=\"elementor-field-label\">\n\t\t\t\t\t\t\t\tEmpresa\t\t\t\t\t\t\t<\/label>\n\t\t\t\t\t\t\t\t\t\t\t\t\t\t<input size=\"1\" type=\"text\" name=\"form_fields[field_cec1364]\" id=\"form-field-field_cec1364\" class=\"elementor-field elementor-size-sm  elementor-field-textual\" required=\"required\">\n\t\t\t\t\t\t\t\t\t\t\t<\/div>\n\t\t\t\t\t\t\t\t<div class=\"elementor-field-type-textarea elementor-field-group elementor-column elementor-field-group-message elementor-col-100 elementor-field-required\">\n\t\t\t\t\t\t\t\t\t\t\t\t<label for=\"form-field-message\" class=\"elementor-field-label\">\n\t\t\t\t\t\t\t\tMensagem\t\t\t\t\t\t\t<\/label>\n\t\t\t\t\t\t<textarea class=\"elementor-field-textual elementor-field  elementor-size-sm\" name=\"form_fields[message]\" id=\"form-field-message\" rows=\"4\" required=\"required\"><\/textarea>\t\t\t\t<\/div>\n\t\t\t\t\t\t\t\t<div class=\"elementor-field-type-checkbox elementor-field-group elementor-column elementor-field-group-field_7fd0dbe elementor-col-100\">\n\t\t\t\t\t<div class=\"elementor-field-subgroup  \"><span class=\"elementor-field-option\"><input type=\"checkbox\" value=\"Concordo com os termos da Pol\u00edtica de Privacidade\" id=\"form-field-field_7fd0dbe-0\" name=\"form_fields[field_7fd0dbe]\"> <label for=\"form-field-field_7fd0dbe-0\">Concordo com os termos da Pol\u00edtica de Privacidade<\/label><\/span><\/div>\t\t\t\t<\/div>\n\t\t\t\t\t\t\t\t<div class=\"elementor-field-type-recaptcha elementor-field-group elementor-column elementor-field-group-field_3ea0505 elementor-col-100\">\n\t\t\t\t\t<div class=\"elementor-field\" id=\"form-field-field_3ea0505\"><div class=\"elementor-g-recaptcha\" data-sitekey=\"6LfPimEsAAAAACiQ-ZmdalfDLuwMD5goSncM3OOg\" data-type=\"v2_checkbox\" data-theme=\"light\" data-size=\"normal\"><\/div><\/div>\t\t\t\t<\/div>\n\t\t\t\t\t\t\t\t<div class=\"elementor-field-group elementor-column elementor-field-type-submit elementor-col-100 e-form__buttons\">\n\t\t\t\t\t<button class=\"elementor-button elementor-size-md\" type=\"submit\">\n\t\t\t\t\t\t<span class=\"elementor-button-content-wrapper\">\n\t\t\t\t\t\t\t\t\t\t\t\t\t\t\t\t\t\t\t\t\t\t<span class=\"elementor-button-text\">ENVIAR<\/span>\n\t\t\t\t\t\t\t\t\t\t\t\t\t<\/span>\n\t\t\t\t\t<\/button>\n\t\t\t\t<\/div>\n\t\t\t<\/div>\n\t\t<\/form>\n\t\t\t\t\t\t<\/div>\n\t\t\t\t<\/div>\n\t\t\t\t\t<\/div>\n\t\t<\/div>\n\t\t\t\t\t<\/div>\n\t\t<\/section>\n\t\t\t\t<section class=\"elementor-section elementor-top-section elementor-element elementor-element-8b3e8c7 cspt-bg-color-yes cspt-elementor-bg-color-white elementor-hidden-desktop elementor-hidden-tablet elementor-hidden-mobile cspt-col-stretched-none cspt-bg-color-over-image elementor-section-boxed elementor-section-height-default elementor-section-height-default\" data-id=\"8b3e8c7\" data-element_type=\"section\" data-e-type=\"section\">\n\t\t\t\t\t\t<div class=\"elementor-container elementor-column-gap-wide\">\n\t\t\t\t\t<div class=\"elementor-column elementor-col-100 elementor-top-column elementor-element elementor-element-44a48f5 cspt-bg-color-over-image\" data-id=\"44a48f5\" data-element_type=\"column\" data-e-type=\"column\">\n\t\t\t<div class=\"elementor-widget-wrap elementor-element-populated\">\n\t\t\t\t\t\t<div class=\"elementor-element elementor-element-21bd11e cspt-align-center elementor-widget elementor-widget-cspt_heading\" data-id=\"21bd11e\" data-element_type=\"widget\" data-e-type=\"widget\" data-widget_type=\"cspt_heading.default\">\n\t\t\t\t<div class=\"elementor-widget-container\">\n\t\t\t\t\t\t<div class=\"cspt-heading-subheading center-align cspt-reverse-heading-yes\"><h4 class=\"cspt-element-subtitle\">\r\n\t\t\t\t\r\n\t\t\t\t\tfale conosco\r\n\t\t\t\t\r\n\t\t\t\t<\/h4>\r\n\t\t\t<h2 class=\"cspt-element-title\">\r\n\t\t\t\t\r\n\t\t\t\t\tEnvie uma mensagem\r\n\t\t\t\t\r\n\t\t\t\t<\/h2>\r\n\t\t\t<\/div>\t\t\t\t<\/div>\n\t\t\t\t<\/div>\n\t\t\t\t<div class=\"elementor-element elementor-element-fea4542 elementor-widget elementor-widget-shortcode\" data-id=\"fea4542\" data-element_type=\"widget\" data-e-type=\"widget\" data-widget_type=\"shortcode.default\">\n\t\t\t\t<div class=\"elementor-widget-container\">\n\t\t\t\t\t\t\t<div class=\"elementor-shortcode\">[contact-form-7 id=\"31\" title=\"P\u00e1gina de contato\"]<\/div>\n\t\t\t\t\t\t<\/div>\n\t\t\t\t<\/div>\n\t\t\t\t\t<\/div>\n\t\t<\/div>\n\t\t\t\t\t<\/div>\n\t\t<\/section>\n\t\t\t\t<\/div>\n\t\t","protected":false},"excerpt":{"rendered":"<p>Fale conosco Vamos lhe ajudar a encontrar a solu\u00e7\u00e3o ideal Brasil R. Osc\u00e1r L Fernandes, 50, Bairro &#8211; S\u00e3o Paulo, Lages &#8211; SC contato@lotusquimica.com.br +55 49 3222-2642 EUA e Canad\u00e1 jamile@lotusquimica.com.br +1 (416) 854-7943 Toronto \/ ON &#8211; CA fale conosco Envie uma mensagem fale conosco Envie uma mensagem [contact-form-7 id=&#8221;31&#8243; title=&#8221;P\u00e1gina de contato&#8221;]<\/p>\n","protected":false},"author":1,"featured_media":0,"parent":0,"menu_order":13,"comment_status":"closed","ping_status":"closed","template":"","meta":{"_acf_changed":false,"footnotes":""},"class_list":["post-51","page","type-page","status-publish","hentry"],"acf":[],"yoast_head":"<!-- This site is optimized with the Yoast SEO plugin v27.3 - https:\/\/yoast.com\/product\/yoast-seo-wordpress\/ -->\n<title>Contato - Lotus Qu\u00edmica Industrial<\/title>\n<meta name=\"description\" content=\"Fale conosco. Vamos lhe ajudar a encontrar a solu\u00e7\u00e3o ideal.\" \/>\n<meta name=\"robots\" content=\"index, follow, max-snippet:-1, max-image-preview:large, max-video-preview:-1\" \/>\n<link rel=\"canonical\" href=\"https:\/\/lotusquimica.com.br\/es\/contato\/\" \/>\n<meta property=\"og:locale\" content=\"es_ES\" \/>\n<meta property=\"og:type\" content=\"article\" \/>\n<meta property=\"og:title\" content=\"Contato - Lotus Qu\u00edmica Industrial\" \/>\n<meta property=\"og:description\" content=\"Fale conosco. Vamos lhe ajudar a encontrar a solu\u00e7\u00e3o ideal.\" \/>\n<meta property=\"og:url\" content=\"https:\/\/lotusquimica.com.br\/es\/contato\/\" \/>\n<meta property=\"og:site_name\" content=\"Lotus\" \/>\n<meta property=\"article:modified_time\" content=\"2024-05-15T18:51:35+00:00\" \/>\n<meta name=\"twitter:card\" content=\"summary_large_image\" \/>\n<meta name=\"twitter:label1\" content=\"Tiempo de lectura\" \/>\n\t<meta name=\"twitter:data1\" content=\"1 minuto\" \/>\n<script type=\"application\/ld+json\" class=\"yoast-schema-graph\">{\"@context\":\"https:\\\/\\\/schema.org\",\"@graph\":[{\"@type\":\"WebPage\",\"@id\":\"https:\\\/\\\/lotusquimica.com.br\\\/contato\\\/\",\"url\":\"https:\\\/\\\/lotusquimica.com.br\\\/contato\\\/\",\"name\":\"Contato - Lotus Qu\u00edmica Industrial\",\"isPartOf\":{\"@id\":\"https:\\\/\\\/lotusquimica.com.br\\\/#website\"},\"datePublished\":\"2019-06-18T06:58:53+00:00\",\"dateModified\":\"2024-05-15T18:51:35+00:00\",\"description\":\"Fale conosco. Vamos lhe ajudar a encontrar a solu\u00e7\u00e3o ideal.\",\"breadcrumb\":{\"@id\":\"https:\\\/\\\/lotusquimica.com.br\\\/contato\\\/#breadcrumb\"},\"inLanguage\":\"es\",\"potentialAction\":[{\"@type\":\"ReadAction\",\"target\":[\"https:\\\/\\\/lotusquimica.com.br\\\/contato\\\/\"]}]},{\"@type\":\"BreadcrumbList\",\"@id\":\"https:\\\/\\\/lotusquimica.com.br\\\/contato\\\/#breadcrumb\",\"itemListElement\":[{\"@type\":\"ListItem\",\"position\":1,\"name\":\"In\u00edcio\",\"item\":\"https:\\\/\\\/lotusquimica.com.br\\\/\"},{\"@type\":\"ListItem\",\"position\":2,\"name\":\"Contato\"}]},{\"@type\":\"WebSite\",\"@id\":\"https:\\\/\\\/lotusquimica.com.br\\\/#website\",\"url\":\"https:\\\/\\\/lotusquimica.com.br\\\/\",\"name\":\"Lotus Qu\u00edmica Industrial\",\"description\":\"Qu\u00edmica Industrial\",\"publisher\":{\"@id\":\"https:\\\/\\\/lotusquimica.com.br\\\/#organization\"},\"potentialAction\":[{\"@type\":\"SearchAction\",\"target\":{\"@type\":\"EntryPoint\",\"urlTemplate\":\"https:\\\/\\\/lotusquimica.com.br\\\/?s={search_term_string}\"},\"query-input\":{\"@type\":\"PropertyValueSpecification\",\"valueRequired\":true,\"valueName\":\"search_term_string\"}}],\"inLanguage\":\"es\"},{\"@type\":\"Organization\",\"@id\":\"https:\\\/\\\/lotusquimica.com.br\\\/#organization\",\"name\":\"Lotus Qu\u00edmica Industrial\",\"url\":\"https:\\\/\\\/lotusquimica.com.br\\\/\",\"logo\":{\"@type\":\"ImageObject\",\"inLanguage\":\"es\",\"@id\":\"https:\\\/\\\/lotusquimica.com.br\\\/#\\\/schema\\\/logo\\\/image\\\/\",\"url\":\"https:\\\/\\\/lotusquimica.com.br\\\/wp-content\\\/uploads\\\/2021\\\/10\\\/lotus-13.jpg\",\"contentUrl\":\"https:\\\/\\\/lotusquimica.com.br\\\/wp-content\\\/uploads\\\/2021\\\/10\\\/lotus-13.jpg\",\"width\":1280,\"height\":693,\"caption\":\"Lotus Qu\u00edmica Industrial\"},\"image\":{\"@id\":\"https:\\\/\\\/lotusquimica.com.br\\\/#\\\/schema\\\/logo\\\/image\\\/\"},\"sameAs\":[\"https:\\\/\\\/www.linkedin.com\\\/company\\\/37011324\\\/admin\\\/\"]}]}<\/script>\n<!-- \/ Yoast SEO plugin. -->","yoast_head_json":{"title":"Contato - Lotus Qu\u00edmica Industrial","description":"Fale conosco. Vamos lhe ajudar a encontrar a solu\u00e7\u00e3o ideal.","robots":{"index":"index","follow":"follow","max-snippet":"max-snippet:-1","max-image-preview":"max-image-preview:large","max-video-preview":"max-video-preview:-1"},"canonical":"https:\/\/lotusquimica.com.br\/es\/contato\/","og_locale":"es_ES","og_type":"article","og_title":"Contato - Lotus Qu\u00edmica Industrial","og_description":"Fale conosco. Vamos lhe ajudar a encontrar a solu\u00e7\u00e3o ideal.","og_url":"https:\/\/lotusquimica.com.br\/es\/contato\/","og_site_name":"Lotus","article_modified_time":"2024-05-15T18:51:35+00:00","twitter_card":"summary_large_image","twitter_misc":{"Tiempo de lectura":"1 minuto"},"schema":{"@context":"https:\/\/schema.org","@graph":[{"@type":"WebPage","@id":"https:\/\/lotusquimica.com.br\/contato\/","url":"https:\/\/lotusquimica.com.br\/contato\/","name":"Contato - Lotus Qu\u00edmica Industrial","isPartOf":{"@id":"https:\/\/lotusquimica.com.br\/#website"},"datePublished":"2019-06-18T06:58:53+00:00","dateModified":"2024-05-15T18:51:35+00:00","description":"Fale conosco. Vamos lhe ajudar a encontrar a solu\u00e7\u00e3o ideal.","breadcrumb":{"@id":"https:\/\/lotusquimica.com.br\/contato\/#breadcrumb"},"inLanguage":"es","potentialAction":[{"@type":"ReadAction","target":["https:\/\/lotusquimica.com.br\/contato\/"]}]},{"@type":"BreadcrumbList","@id":"https:\/\/lotusquimica.com.br\/contato\/#breadcrumb","itemListElement":[{"@type":"ListItem","position":1,"name":"In\u00edcio","item":"https:\/\/lotusquimica.com.br\/"},{"@type":"ListItem","position":2,"name":"Contato"}]},{"@type":"WebSite","@id":"https:\/\/lotusquimica.com.br\/#website","url":"https:\/\/lotusquimica.com.br\/","name":"Lotus Qu\u00edmica Industrial","description":"Qu\u00edmica Industrial","publisher":{"@id":"https:\/\/lotusquimica.com.br\/#organization"},"potentialAction":[{"@type":"SearchAction","target":{"@type":"EntryPoint","urlTemplate":"https:\/\/lotusquimica.com.br\/?s={search_term_string}"},"query-input":{"@type":"PropertyValueSpecification","valueRequired":true,"valueName":"search_term_string"}}],"inLanguage":"es"},{"@type":"Organization","@id":"https:\/\/lotusquimica.com.br\/#organization","name":"Lotus Qu\u00edmica Industrial","url":"https:\/\/lotusquimica.com.br\/","logo":{"@type":"ImageObject","inLanguage":"es","@id":"https:\/\/lotusquimica.com.br\/#\/schema\/logo\/image\/","url":"https:\/\/lotusquimica.com.br\/wp-content\/uploads\/2021\/10\/lotus-13.jpg","contentUrl":"https:\/\/lotusquimica.com.br\/wp-content\/uploads\/2021\/10\/lotus-13.jpg","width":1280,"height":693,"caption":"Lotus Qu\u00edmica Industrial"},"image":{"@id":"https:\/\/lotusquimica.com.br\/#\/schema\/logo\/image\/"},"sameAs":["https:\/\/www.linkedin.com\/company\/37011324\/admin\/"]}]}},"_links":{"self":[{"href":"https:\/\/lotusquimica.com.br\/es\/wp-json\/wp\/v2\/pages\/51","targetHints":{"allow":["GET"]}}],"collection":[{"href":"https:\/\/lotusquimica.com.br\/es\/wp-json\/wp\/v2\/pages"}],"about":[{"href":"https:\/\/lotusquimica.com.br\/es\/wp-json\/wp\/v2\/types\/page"}],"author":[{"embeddable":true,"href":"https:\/\/lotusquimica.com.br\/es\/wp-json\/wp\/v2\/users\/1"}],"replies":[{"embeddable":true,"href":"https:\/\/lotusquimica.com.br\/es\/wp-json\/wp\/v2\/comments?post=51"}],"version-history":[{"count":65,"href":"https:\/\/lotusquimica.com.br\/es\/wp-json\/wp\/v2\/pages\/51\/revisions"}],"predecessor-version":[{"id":1337,"href":"https:\/\/lotusquimica.com.br\/es\/wp-json\/wp\/v2\/pages\/51\/revisions\/1337"}],"wp:attachment":[{"href":"https:\/\/lotusquimica.com.br\/es\/wp-json\/wp\/v2\/media?parent=51"}],"curies":[{"name":"wp","href":"https:\/\/api.w.org\/{rel}","templated":true}]}}